{"id":496,"date":"2021-06-08T21:40:47","date_gmt":"2021-06-08T19:40:47","guid":{"rendered":"https:\/\/www.connectanatura.org\/?page_id=496"},"modified":"2025-05-05T08:26:23","modified_gmt":"2025-05-05T06:26:23","slug":"inscripcions","status":"publish","type":"page","link":"http:\/\/www.connectanatura.org\/cas\/inscripcions\/","title":{"rendered":"Inscripcions"},"content":{"rendered":"<div data-elementor-type=\"wp-page\" data-elementor-id=\"496\" class=\"elementor elementor-496\" data-elementor-post-type=\"page\">\n\t\t\t\t<div class=\"elementor-element elementor-element-74690ac e-con-full e-flex e-con e-parent\" data-id=\"74690ac\" data-element_type=\"container\" data-settings=\"{&quot;background_background&quot;:&quot;classic&quot;}\">\n\t\t<div class=\"elementor-element elementor-element-1448ad4 e-con-full e-flex e-con e-child\" data-id=\"1448ad4\" data-element_type=\"container\">\n\t\t\t\t<div class=\"elementor-element elementor-element-6325c5d elementor-widget elementor-widget-text-editor\" data-id=\"6325c5d\" data-element_type=\"widget\" data-widget_type=\"text-editor.default\">\n\t\t\t\t<div class=\"elementor-widget-container\">\n\t\t\t\t\t\t\t\t\tPara hacerte socia de Connecta Natura, solo tienes que rellenar este formulario indic\u00e1ndonos en qu\u00e9 modalidad te interesar\u00eda participar, despu\u00e9s recibir\u00e1s un mail para acabar de formalizar la inscripci\u00f3n.\t\t\t\t\t\t\t\t<\/div>\n\t\t\t\t<\/div>\n\t\t\t\t<div class=\"elementor-element elementor-element-e9c34db elementor-widget elementor-widget-text-editor\" data-id=\"e9c34db\" data-element_type=\"widget\" data-widget_type=\"text-editor.default\">\n\t\t\t\t<div class=\"elementor-widget-container\">\n\t\t\t\t\t\t\t\t\t<p>Cada nueva incorporaci\u00f3n nos hace m\u00e1s fuertes y nos ayuda a continuar trabajando por un futuro m\u00e1s sostenible y justo.<\/p>\t\t\t\t\t\t\t\t<\/div>\n\t\t\t\t<\/div>\n\t\t\t\t<\/div>\n\t\t<div class=\"elementor-element elementor-element-a1c4578 e-con-full e-flex e-con e-child\" data-id=\"a1c4578\" data-element_type=\"container\">\n\t\t\t\t<div class=\"elementor-element elementor-element-5dc0a92 elementor-button-align-start elementor-widget elementor-widget-form\" data-id=\"5dc0a92\" data-element_type=\"widget\" data-settings=\"{&quot;button_width&quot;:&quot;30&quot;,&quot;step_next_label&quot;:&quot;Next&quot;,&quot;step_previous_label&quot;:&quot;Previous&quot;,&quot;step_type&quot;:&quot;number_text&quot;,&quot;step_icon_shape&quot;:&quot;circle&quot;}\" data-widget_type=\"form.default\">\n\t\t\t\t<div class=\"elementor-widget-container\">\n\t\t\t\t\t\t\t<form class=\"elementor-form\" method=\"post\" name=\"Nou formulari\" novalidate=\"\" action=\"\">\n\t\t\t<input type=\"hidden\" name=\"post_id\" value=\"496\"\/>\n\t\t\t<input type=\"hidden\" name=\"form_id\" value=\"5dc0a92\"\/>\n\t\t\t<input type=\"hidden\" name=\"referer_title\" value=\"Inscripcions - Connecta Natura\" \/>\n\n\t\t\t\t\t\t\t<input type=\"hidden\" name=\"queried_id\" value=\"496\"\/>\n\t\t\t\n\t\t\t<div class=\"elementor-form-fields-wrapper elementor-labels-above\">\n\t\t\t\t\t\t\t\t<div class=\"elementor-field-type-text elementor-field-group elementor-column elementor-field-group-name elementor-col-100 elementor-field-required\">\n\t\t\t\t\t\t\t\t\t\t\t\t<label for=\"form-field-name\" class=\"elementor-field-label\">\n\t\t\t\t\t\t\t\tNombre y apellidos\t\t\t\t\t\t\t<\/label>\n\t\t\t\t\t\t\t\t\t\t\t\t\t\t<input size=\"1\" type=\"text\" name=\"form_fields[name]\" id=\"form-field-name\" class=\"elementor-field elementor-size-sm  elementor-field-textual\" required=\"required\" aria-required=\"true\">\n\t\t\t\t\t\t\t\t\t\t\t<\/div>\n\t\t\t\t\t\t\t\t<div class=\"elementor-field-type-text elementor-field-group elementor-column elementor-field-group-field_7f7946f elementor-col-100\">\n\t\t\t\t\t\t\t\t\t\t\t\t<label for=\"form-field-field_7f7946f\" class=\"elementor-field-label\">\n\t\t\t\t\t\t\t\tFecha de nacimiento\t\t\t\t\t\t\t<\/label>\n\t\t\t\t\t\t\t\t\t\t\t\t\t\t<input size=\"1\" type=\"text\" name=\"form_fields[field_7f7946f]\" id=\"form-field-field_7f7946f\" class=\"elementor-field elementor-size-sm  elementor-field-textual\">\n\t\t\t\t\t\t\t\t\t\t\t<\/div>\n\t\t\t\t\t\t\t\t<div class=\"elementor-field-type-text elementor-field-group elementor-column elementor-field-group-field_9fa40ac elementor-col-100 elementor-field-required\">\n\t\t\t\t\t\t\t\t\t\t\t\t<label for=\"form-field-field_9fa40ac\" class=\"elementor-field-label\">\n\t\t\t\t\t\t\t\tDNI\/NIE\/CIF\t\t\t\t\t\t\t<\/label>\n\t\t\t\t\t\t\t\t\t\t\t\t\t\t<input size=\"1\" type=\"text\" name=\"form_fields[field_9fa40ac]\" id=\"form-field-field_9fa40ac\" class=\"elementor-field elementor-size-sm  elementor-field-textual\" required=\"required\" aria-required=\"true\">\n\t\t\t\t\t\t\t\t\t\t\t<\/div>\n\t\t\t\t\t\t\t\t<div class=\"elementor-field-type-tel elementor-field-group elementor-column elementor-field-group-email elementor-col-100 elementor-field-required\">\n\t\t\t\t\t\t\t\t\t\t\t\t<label for=\"form-field-email\" class=\"elementor-field-label\">\n\t\t\t\t\t\t\t\tTel\u00e9fono\t\t\t\t\t\t\t<\/label>\n\t\t\t\t\t\t\t\t<input size=\"1\" type=\"tel\" name=\"form_fields[email]\" id=\"form-field-email\" class=\"elementor-field elementor-size-sm  elementor-field-textual\" required=\"required\" aria-required=\"true\" pattern=\"[0-9()#&amp;+*-=.]+\" title=\"Solo se aceptan n\u00fameros y caracteres de tel\u00e9fono (#,-,*,etc).\" data-no-translation-title=\"\">\n\n\t\t\t\t\t\t<\/div>\n\t\t\t\t\t\t\t\t<div class=\"elementor-field-type-email elementor-field-group elementor-column elementor-field-group-field_06d994d elementor-col-100 elementor-field-required\">\n\t\t\t\t\t\t\t\t\t\t\t\t<label for=\"form-field-field_06d994d\" class=\"elementor-field-label\">\n\t\t\t\t\t\t\t\tCorreo electr\u00f3nico\t\t\t\t\t\t\t<\/label>\n\t\t\t\t\t\t\t\t\t\t\t\t\t\t<input size=\"1\" type=\"email\" name=\"form_fields[field_06d994d]\" id=\"form-field-field_06d994d\" class=\"elementor-field elementor-size-sm  elementor-field-textual\" placeholder=\"email\" required=\"required\" aria-required=\"true\">\n\t\t\t\t\t\t\t\t\t\t\t<\/div>\n\t\t\t\t\t\t\t\t<div class=\"elementor-field-type-text elementor-field-group elementor-column elementor-field-group-field_c9e6705 elementor-col-100\">\n\t\t\t\t\t\t\t\t\t\t\t\t<label for=\"form-field-field_c9e6705\" class=\"elementor-field-label\">\n\t\t\t\t\t\t\t\tDirecci\u00f3n\t\t\t\t\t\t\t<\/label>\n\t\t\t\t\t\t\t\t\t\t\t\t\t\t<input size=\"1\" type=\"text\" name=\"form_fields[field_c9e6705]\" id=\"form-field-field_c9e6705\" class=\"elementor-field elementor-size-sm  elementor-field-textual\">\n\t\t\t\t\t\t\t\t\t\t\t<\/div>\n\t\t\t\t\t\t\t\t<div class=\"elementor-field-type-text elementor-field-group elementor-column elementor-field-group-field_5b3bac1 elementor-col-100\">\n\t\t\t\t\t\t\t\t\t\t\t\t<label for=\"form-field-field_5b3bac1\" class=\"elementor-field-label\">\n\t\t\t\t\t\t\t\tC\u00f3digo postal\t\t\t\t\t\t\t<\/label>\n\t\t\t\t\t\t\t\t\t\t\t\t\t\t<input size=\"1\" type=\"text\" name=\"form_fields[field_5b3bac1]\" id=\"form-field-field_5b3bac1\" class=\"elementor-field elementor-size-sm  elementor-field-textual\">\n\t\t\t\t\t\t\t\t\t\t\t<\/div>\n\t\t\t\t\t\t\t\t<div class=\"elementor-field-type-text elementor-field-group elementor-column elementor-field-group-field_06ff9d2 elementor-col-100\">\n\t\t\t\t\t\t\t\t\t\t\t\t<label for=\"form-field-field_06ff9d2\" class=\"elementor-field-label\">\n\t\t\t\t\t\t\t\tLocalidad\t\t\t\t\t\t\t<\/label>\n\t\t\t\t\t\t\t\t\t\t\t\t\t\t<input size=\"1\" type=\"text\" name=\"form_fields[field_06ff9d2]\" id=\"form-field-field_06ff9d2\" class=\"elementor-field elementor-size-sm  elementor-field-textual\">\n\t\t\t\t\t\t\t\t\t\t\t<\/div>\n\t\t\t\t\t\t\t\t<div class=\"elementor-field-type-checkbox elementor-field-group elementor-column elementor-field-group-message elementor-col-100\">\n\t\t\t\t\t\t\t\t\t\t\t\t<label for=\"form-field-message\" class=\"elementor-field-label\">\n\t\t\t\t\t\t\t\tSubscripci\u00f3n\t\t\t\t\t\t\t<\/label>\n\t\t\t\t\t\t<div class=\"elementor-field-subgroup\"><span class=\"elementor-field-option\"><input type=\"checkbox\" value=\"S\u00f2cies Llavor 25\u20ac\/any\" id=\"form-field-message-0\" name=\"form_fields[message][]\"> <label for=\"form-field-message-0\">Socias Llavor 25\u20ac\/a\u00f1o<\/label><\/span><span class=\"elementor-field-option\"><input type=\"checkbox\" value=\"S\u00f2cies Empelt 50\u20ac\/any\" id=\"form-field-message-1\" name=\"form_fields[message][]\"> <label for=\"form-field-message-1\">Socias Empelt 50\u20ac\/ a\u00f1o<\/label><\/span><span class=\"elementor-field-option\"><input type=\"checkbox\" value=\"S\u00f2cies Fruiter 70\u20ac\/any\" id=\"form-field-message-2\" name=\"form_fields[message][]\"> <label for=\"form-field-message-2\">Socias Fruiter 70\u20ac\/a\u00f1o<\/label><\/span><span class=\"elementor-field-option\"><input type=\"checkbox\" value=\"S\u00f2cies Biodiversitat  m\u00e9s 80\u20ac\/any\" id=\"form-field-message-3\" name=\"form_fields[message][]\"> <label for=\"form-field-message-3\">Socias Biodiversitat m\u00e1s 80\u20ac\/ a\u00f1o<\/label><\/span><\/div>\t\t\t\t<\/div>\n\t\t\t\t\t\t\t\t<div class=\"elementor-field-type-text elementor-field-group elementor-column elementor-field-group-field_e433e6c elementor-col-30\">\n\t\t\t\t\t\t\t\t\t\t\t\t<label for=\"form-field-field_e433e6c\" class=\"elementor-field-label\">\n\t\t\t\t\t\t\t\tElige la cantidad\t\t\t\t\t\t\t<\/label>\n\t\t\t\t\t\t\t\t\t\t\t\t\t\t<input size=\"1\" type=\"text\" name=\"form_fields[field_e433e6c]\" id=\"form-field-field_e433e6c\" class=\"elementor-field elementor-size-sm  elementor-field-textual\">\n\t\t\t\t\t\t\t\t\t\t\t<\/div>\n\t\t\t\t\t\t\t\t<div class=\"elementor-field-type-text elementor-field-group elementor-column elementor-field-group-field_2e8c249 elementor-col-100 elementor-field-required\">\n\t\t\t\t\t\t\t\t\t\t\t\t<label for=\"form-field-field_2e8c249\" class=\"elementor-field-label\">\n\t\t\t\t\t\t\t\tCuenta bancaria (IBAN)\t\t\t\t\t\t\t<\/label>\n\t\t\t\t\t\t\t\t\t\t\t\t\t\t<input size=\"1\" type=\"text\" name=\"form_fields[field_2e8c249]\" id=\"form-field-field_2e8c249\" class=\"elementor-field elementor-size-sm  elementor-field-textual\" required=\"required\" aria-required=\"true\">\n\t\t\t\t\t\t\t\t\t\t\t<\/div>\n\t\t\t\t\t\t\t\t<div class=\"elementor-field-type-text elementor-field-group elementor-column elementor-field-group-field_f2d7ea7 elementor-col-100\">\n\t\t\t\t\t\t\t\t\t\t\t\t<label for=\"form-field-field_f2d7ea7\" class=\"elementor-field-label\">\n\t\t\t\t\t\t\t\tCuenta bancaria internacional ( BIC o SWIFT)\t\t\t\t\t\t\t<\/label>\n\t\t\t\t\t\t\t\t\t\t\t\t\t\t<input size=\"1\" type=\"text\" name=\"form_fields[field_f2d7ea7]\" id=\"form-field-field_f2d7ea7\" class=\"elementor-field elementor-size-sm  elementor-field-textual\">\n\t\t\t\t\t\t\t\t\t\t\t<\/div>\n\t\t\t\t\t\t\t\t<div class=\"elementor-field-type-acceptance elementor-field-group elementor-column elementor-field-group-field_c78bf03 elementor-col-100 elementor-field-required\">\n\t\t\t\t\t\t\t<div class=\"elementor-field-subgroup\">\n\t\t\t<span class=\"elementor-field-option\">\n\t\t\t\t<input type=\"checkbox\" name=\"form_fields[field_c78bf03]\" id=\"form-field-field_c78bf03\" class=\"elementor-field elementor-size-sm  elementor-acceptance-field\" required=\"required\" aria-required=\"true\">\n\t\t\t\t<label for=\"form-field-field_c78bf03\">Autorizo a cargar en la cuenta bancaria facilitada los recibos que se har\u00e1n de forma anual por parte de la asociaci\u00f3n CONECTA NATURA, en concepto de cuota de socio\/a, desde hoy y hasta nuevo aviso. *<\/label>\t\t\t<\/span>\n\t\t<\/div>\n\t\t\t\t\t\t<\/div>\n\t\t\t\t\t\t\t\t<div class=\"elementor-field-group elementor-column elementor-field-type-submit elementor-col-30 e-form__buttons\">\n\t\t\t\t\t<button class=\"elementor-button elementor-size-sm\" type=\"submit\">\n\t\t\t\t\t\t<span class=\"elementor-button-content-wrapper\">\n\t\t\t\t\t\t\t\t\t\t\t\t\t\t\t\t\t\t\t\t\t\t<span class=\"elementor-button-text\">Enviar<\/span>\n\t\t\t\t\t\t\t\t\t\t\t\t\t<\/span>\n\t\t\t\t\t<\/button>\n\t\t\t\t<\/div>\n\t\t\t<\/div>\n\t\t<input type=\"hidden\" name=\"trp-form-language\" value=\"cas\"\/><\/form>\n\t\t\t\t\t\t<\/div>\n\t\t\t\t<\/div>\n\t\t\t\t<div class=\"elementor-element elementor-element-25c012f elementor-widget elementor-widget-text-editor\" data-id=\"25c012f\" data-element_type=\"widget\" data-widget_type=\"text-editor.default\">\n\t\t\t\t<div class=\"elementor-widget-container\">\n\t\t\t\t\t\t\t\t\t<p>De conformidad con lo establecido en el Art. 5 de la Ley Org\u00e1nica 15\/1999 de diciembre de Protecci\u00f3n de Datos de Car\u00e1cter Personal, por el cual se regula el derecho de informaci\u00f3n en la recogida de datos le informamos que los datos de car\u00e1cter personal que nos ha suministrado en esta y otras comunicaciones mantenidas con usted ser\u00e1n objeto de tratamiento en los ficheros responsabilidad de CONNECTA NATURA.<\/p><p>As\u00ed mismo, le informamos de la posibilidad de ejercer los correspondiente derechos de acceso, rectificaci\u00f3n, cancelaci\u00f3n y oposici\u00f3n de conformidad con el establecido en la Ley 15\/1999 ante CONNECTA NATURA como responsables del fichero. Los derechos mencionados los puede ejercitar a trav\u00e9s de los siguientes medios: por correo electr\u00f3nico: info@connectanatura.org; o por correo postal: CONECTA NATURA, Calle Ausi\u00e0s March 32, *2\u00baB, 12540, Vila-real (Castell\u00f3)<\/p>\t\t\t\t\t\t\t\t<\/div>\n\t\t\t\t<\/div>\n\t\t\t\t<\/div>\n\t\t\t\t<\/div>\n\t\t\t\t<\/div>","protected":false},"excerpt":{"rendered":"<p>Per a fer-te s\u00f2cia de Connecta Natura, nom\u00e9s has d&#8217;emplenar aquest formulari indicant-nos en quina modalitat t\u2019interessaria participar, despr\u00e9s rebras un mail per acabar de formalitzar la inscripci\u00f3. Cada nova incorporaci\u00f3 ens fa m\u00e9s forts i ens ajuda a continuar treballant per un futur m\u00e9s verd i just. De conformitat amb l\u2019establert en l\u2019Art. 5 [&hellip;]<\/p>","protected":false},"author":1,"featured_media":0,"parent":0,"menu_order":0,"comment_status":"closed","ping_status":"closed","template":"elementor_header_footer","meta":{"_acf_changed":false,"footnotes":""},"class_list":["post-496","page","type-page","status-publish","hentry"],"acf":[],"yoast_head":"<!-- This site is optimized with the Yoast SEO plugin v24.6 - https:\/\/yoast.com\/wordpress\/plugins\/seo\/ -->\n<title>Inscripcions - Connecta Natura<\/title>\n<meta name=\"robots\" content=\"index, follow, max-snippet:-1, max-image-preview:large, max-video-preview:-1\" \/>\n<link rel=\"canonical\" href=\"http:\/\/www.connectanatura.org\/cas\/wp-json\/wp\/v2\/pages\/496\" \/>\n<meta property=\"og:locale\" content=\"es_ES\" \/>\n<meta property=\"og:type\" content=\"article\" \/>\n<meta property=\"og:title\" content=\"Inscripcions - Connecta Natura\" \/>\n<meta property=\"og:description\" content=\"Per a fer-te s\u00f2cia de Connecta Natura, nom\u00e9s has d&#8217;emplenar aquest formulari indicant-nos en quina modalitat t\u2019interessaria participar, despr\u00e9s rebras un mail per acabar de formalitzar la inscripci\u00f3. Cada nova incorporaci\u00f3 ens fa m\u00e9s forts i ens ajuda a continuar treballant per un futur m\u00e9s verd i just. De conformitat amb l\u2019establert en l\u2019Art. 5 [&hellip;]\" \/>\n<meta property=\"og:url\" content=\"https:\/\/www.connectanatura.org\/cas\/inscripcions\/\" \/>\n<meta property=\"og:site_name\" content=\"Connecta Natura\" \/>\n<meta property=\"article:publisher\" content=\"https:\/\/www.facebook.com\/connectanatura\" \/>\n<meta property=\"article:modified_time\" content=\"2025-05-05T06:26:23+00:00\" \/>\n<meta name=\"twitter:card\" content=\"summary_large_image\" \/>\n<meta name=\"twitter:site\" content=\"@ConnectaNatura\" \/>\n<meta name=\"twitter:label1\" content=\"Tiempo de lectura\" \/>\n\t<meta name=\"twitter:data1\" content=\"2 minutos\" \/>\n<script type=\"application\/ld+json\" class=\"yoast-schema-graph\">{\"@context\":\"https:\/\/schema.org\",\"@graph\":[{\"@type\":\"WebPage\",\"@id\":\"https:\/\/www.connectanatura.org\/inscripcions\/\",\"url\":\"https:\/\/www.connectanatura.org\/inscripcions\/\",\"name\":\"Inscripcions - Connecta Natura\",\"isPartOf\":{\"@id\":\"https:\/\/www.connectanatura.org\/#website\"},\"datePublished\":\"2021-06-08T19:40:47+00:00\",\"dateModified\":\"2025-05-05T06:26:23+00:00\",\"breadcrumb\":{\"@id\":\"https:\/\/www.connectanatura.org\/inscripcions\/#breadcrumb\"},\"inLanguage\":\"es\",\"potentialAction\":[{\"@type\":\"ReadAction\",\"target\":[\"https:\/\/www.connectanatura.org\/inscripcions\/\"]}]},{\"@type\":\"BreadcrumbList\",\"@id\":\"https:\/\/www.connectanatura.org\/inscripcions\/#breadcrumb\",\"itemListElement\":[{\"@type\":\"ListItem\",\"position\":1,\"name\":\"Inici\",\"item\":\"https:\/\/www.connectanatura.org\/\"},{\"@type\":\"ListItem\",\"position\":2,\"name\":\"Inscripcions\"}]},{\"@type\":\"WebSite\",\"@id\":\"https:\/\/www.connectanatura.org\/#website\",\"url\":\"https:\/\/www.connectanatura.org\/\",\"name\":\"Connecta Natura\",\"description\":\"\",\"publisher\":{\"@id\":\"https:\/\/www.connectanatura.org\/#organization\"},\"potentialAction\":[{\"@type\":\"SearchAction\",\"target\":{\"@type\":\"EntryPoint\",\"urlTemplate\":\"https:\/\/www.connectanatura.org\/?s={search_term_string}\"},\"query-input\":{\"@type\":\"PropertyValueSpecification\",\"valueRequired\":true,\"valueName\":\"search_term_string\"}}],\"inLanguage\":\"es\"},{\"@type\":\"Organization\",\"@id\":\"https:\/\/www.connectanatura.org\/#organization\",\"name\":\"Connecta Natura\",\"url\":\"https:\/\/www.connectanatura.org\/\",\"logo\":{\"@type\":\"ImageObject\",\"inLanguage\":\"es\",\"@id\":\"https:\/\/www.connectanatura.org\/#\/schema\/logo\/image\/\",\"url\":\"https:\/\/www.connectanatura.org\/wp-content\/uploads\/2021\/05\/Logo-final-hotzontal.png\",\"contentUrl\":\"https:\/\/www.connectanatura.org\/wp-content\/uploads\/2021\/05\/Logo-final-hotzontal.png\",\"width\":3543,\"height\":1181,\"caption\":\"Connecta Natura\"},\"image\":{\"@id\":\"https:\/\/www.connectanatura.org\/#\/schema\/logo\/image\/\"},\"sameAs\":[\"https:\/\/www.facebook.com\/connectanatura\",\"https:\/\/x.com\/ConnectaNatura\",\"https:\/\/www.instagram.com\/connectanatura\/\",\"https:\/\/www.linkedin.com\/company\/connecta-natura\"]}]}<\/script>\n<!-- \/ Yoast SEO plugin. -->","yoast_head_json":{"title":"Inscripcions - Connecta Natura","robots":{"index":"index","follow":"follow","max-snippet":"max-snippet:-1","max-image-preview":"max-image-preview:large","max-video-preview":"max-video-preview:-1"},"canonical":"http:\/\/www.connectanatura.org\/cas\/wp-json\/wp\/v2\/pages\/496","og_locale":"es_ES","og_type":"article","og_title":"Inscripcions - Connecta Natura","og_description":"Per a fer-te s\u00f2cia de Connecta Natura, nom\u00e9s has d&#8217;emplenar aquest formulari indicant-nos en quina modalitat t\u2019interessaria participar, despr\u00e9s rebras un mail per acabar de formalitzar la inscripci\u00f3. Cada nova incorporaci\u00f3 ens fa m\u00e9s forts i ens ajuda a continuar treballant per un futur m\u00e9s verd i just. De conformitat amb l\u2019establert en l\u2019Art. 5 [&hellip;]","og_url":"https:\/\/www.connectanatura.org\/cas\/inscripcions\/","og_site_name":"Connecta Natura","article_publisher":"https:\/\/www.facebook.com\/connectanatura","article_modified_time":"2025-05-05T06:26:23+00:00","twitter_card":"summary_large_image","twitter_site":"@ConnectaNatura","twitter_misc":{"Tiempo de lectura":"2 minutos"},"schema":{"@context":"https:\/\/schema.org","@graph":[{"@type":"WebPage","@id":"https:\/\/www.connectanatura.org\/inscripcions\/","url":"https:\/\/www.connectanatura.org\/inscripcions\/","name":"Inscripcions - Connecta Natura","isPartOf":{"@id":"https:\/\/www.connectanatura.org\/#website"},"datePublished":"2021-06-08T19:40:47+00:00","dateModified":"2025-05-05T06:26:23+00:00","breadcrumb":{"@id":"https:\/\/www.connectanatura.org\/inscripcions\/#breadcrumb"},"inLanguage":"es","potentialAction":[{"@type":"ReadAction","target":["https:\/\/www.connectanatura.org\/inscripcions\/"]}]},{"@type":"BreadcrumbList","@id":"https:\/\/www.connectanatura.org\/inscripcions\/#breadcrumb","itemListElement":[{"@type":"ListItem","position":1,"name":"Inici","item":"https:\/\/www.connectanatura.org\/"},{"@type":"ListItem","position":2,"name":"Inscripcions"}]},{"@type":"WebSite","@id":"https:\/\/www.connectanatura.org\/#website","url":"https:\/\/www.connectanatura.org\/","name":"Connecta Natura","description":"","publisher":{"@id":"https:\/\/www.connectanatura.org\/#organization"},"potentialAction":[{"@type":"SearchAction","target":{"@type":"EntryPoint","urlTemplate":"https:\/\/www.connectanatura.org\/?s={search_term_string}"},"query-input":{"@type":"PropertyValueSpecification","valueRequired":true,"valueName":"search_term_string"}}],"inLanguage":"es"},{"@type":"Organization","@id":"https:\/\/www.connectanatura.org\/#organization","name":"Connecta Natura","url":"https:\/\/www.connectanatura.org\/","logo":{"@type":"ImageObject","inLanguage":"es","@id":"https:\/\/www.connectanatura.org\/#\/schema\/logo\/image\/","url":"https:\/\/www.connectanatura.org\/wp-content\/uploads\/2021\/05\/Logo-final-hotzontal.png","contentUrl":"https:\/\/www.connectanatura.org\/wp-content\/uploads\/2021\/05\/Logo-final-hotzontal.png","width":3543,"height":1181,"caption":"Connecta Natura"},"image":{"@id":"https:\/\/www.connectanatura.org\/#\/schema\/logo\/image\/"},"sameAs":["https:\/\/www.facebook.com\/connectanatura","https:\/\/x.com\/ConnectaNatura","https:\/\/www.instagram.com\/connectanatura\/","https:\/\/www.linkedin.com\/company\/connecta-natura"]}]}},"_links":{"self":[{"href":"http:\/\/www.connectanatura.org\/cas\/wp-json\/wp\/v2\/pages\/496"}],"collection":[{"href":"http:\/\/www.connectanatura.org\/cas\/wp-json\/wp\/v2\/pages"}],"about":[{"href":"http:\/\/www.connectanatura.org\/cas\/wp-json\/wp\/v2\/types\/page"}],"author":[{"embeddable":true,"href":"http:\/\/www.connectanatura.org\/cas\/wp-json\/wp\/v2\/users\/1"}],"replies":[{"embeddable":true,"href":"http:\/\/www.connectanatura.org\/cas\/wp-json\/wp\/v2\/comments?post=496"}],"version-history":[{"count":150,"href":"http:\/\/www.connectanatura.org\/cas\/wp-json\/wp\/v2\/pages\/496\/revisions"}],"predecessor-version":[{"id":3715,"href":"http:\/\/www.connectanatura.org\/cas\/wp-json\/wp\/v2\/pages\/496\/revisions\/3715"}],"wp:attachment":[{"href":"http:\/\/www.connectanatura.org\/cas\/wp-json\/wp\/v2\/media?parent=496"}],"curies":[{"name":"wp","href":"https:\/\/api.w.org\/{rel}","templated":true}]}}