{"id":174,"date":"2020-05-27T23:48:21","date_gmt":"2020-05-27T21:48:21","guid":{"rendered":"https:\/\/www.connectanatura.org\/mas-informacion-sobre-las-cookies\/"},"modified":"2025-04-14T08:58:01","modified_gmt":"2025-04-14T06:58:01","slug":"mas-informacion-sobre-las-cookies","status":"publish","type":"page","link":"https:\/\/www.connectanatura.org\/cas\/mas-informacion-sobre-las-cookies\/","title":{"rendered":"M\u00e1s informaci\u00f3n sobre las cookies"},"content":{"rendered":"<div data-elementor-type=\"wp-page\" data-elementor-id=\"174\" class=\"elementor elementor-174\" data-elementor-post-type=\"page\">\n\t\t\t\t<div class=\"elementor-element elementor-element-10c80b1a e-con-full e-flex e-con e-parent\" data-id=\"10c80b1a\" data-element_type=\"container\">\n\t\t\t\t<div class=\"elementor-element elementor-element-2ef14f25 elementor-widget elementor-widget-text-editor\" data-id=\"2ef14f25\" data-element_type=\"widget\" data-widget_type=\"text-editor.default\">\n\t\t\t\t<div class=\"elementor-widget-container\">\n\t\t\t\t\t\t\t\t\t<p>Nuestra web utiliza cookies para facilitar y mejorar la experiencia de navegaci\u00f3n.<\/p><p>\u00a0<\/p><p><strong>Informaci\u00f3n y funci\u00f3n gen\u00e9rica de las cookies<\/strong><br \/>\u00bfQu\u00e9 son las cookies?<br \/>Este sitio web utiliza cookies y\/o tecnolog\u00edas similares que almacenan y recuperan informaci\u00f3n cuando navegas. Estas tecnolog\u00edas pueden servir para finalidades muy diversas, pero los usos concretos que nosotros hacemos de estas tecnolog\u00edas son los siguientes:<br \/>&#8211; reconocerte como usuario<br \/>&#8211; obtener informaci\u00f3n sobre tus h\u00e1bitos de navegaci\u00f3n<br \/>&#8211; personalizar la forma en que se muestra el contenido<br \/>&#8211; &#8230;.<\/p><p>\u00a0<\/p><p>\u00a0<\/p><p><strong>Informaci\u00f3n sobre el tipo de cookies que se utilizan y su finalidad<\/strong><br \/>\u00bfQu\u00e9 tipos de cookies se utilizan en esta p\u00e1gina web?<br \/>Identificaci\u00f3n sobre qui\u00e9n utiliza las cookies<br \/><br \/><b>&#8211; De an\u00e1lisis<\/b>: son aquellas que, tratadas por nosotros o por terceros, nos permiten cuantificar el n\u00famero de usuarios y as\u00ed realizar la medici\u00f3n y an\u00e1lisis estad\u00edstico de la utilizaci\u00f3n que hacen los usuarios del servicio ofertado, con el fin de mejorar la oferta de productos o servicios que le ofrecemos.<br \/><b>&#8211; Publicitarias comportamentales<\/b>: permiten analizar los h\u00e1bitos de navegaci\u00f3n en Internet para que podamos mostrarle publicidad relacionada con su perfil de navegaci\u00f3n. Pueden ser tratadas por nosotros o por terceros.<br \/><b>&#8211; Cookies de terceros<\/b>. Cookies de an\u00e1lisis: permiten cuantificar el n\u00famero de usuarios y as\u00ed realizar la medici\u00f3n y an\u00e1lisis estad\u00edstico de la utilizaci\u00f3n que hacen los usuarios del servicio ofertado. Para ello se analiza su navegaci\u00f3n en nuestra p\u00e1gina web con el fin de mejorar la oferta de productos o servicios que le ofrecemos.<\/p><p>\u00a0<\/p><p><b>Informaci\u00f3n sobre la forma de aceptar o denegar o revocar el consentimiento para el uso de cookies:<br \/><\/b>Incorporar botones de Aceptar\/Rechazar o advertir que si se realiza una acci\u00f3n determinada, se entender\u00e1 que el usuario acepta las cookies.<br \/>Nuestro sistema de configuraci\u00f3n de las cookies no permite evitar la utilizaci\u00f3n de las cookies de terceros una vez aceptadas por el usuario, por lo que si aceptas las cookies de terceros y posteriormente deseas eliminarlas, deber\u00e1s hacerlo desde tu propio navegador o el sistema habilitado por los terceros para ello.<\/p><p><b>\u00a0Periodo de conservaci\u00f3n de los datos para los diferentes fines.<br \/><\/b>Los datos referentes a&#8230;. tratados con la finalidad&#8230;. se conservar\u00e1n hasta&#8230; .<br \/><br \/>En su caso, informaci\u00f3n sobre las transferencias de datos a terceros pa\u00edses realizadas por el editor.<br \/><br \/>Puedes informarte de las transferencias de datos a terceros pa\u00edses en nuestra pol\u00edtica de privacidad.<br \/>Igualmente, puedes informarte sobre las transferencias a terceros pa\u00edses que realizan los terceros identificados en esta pol\u00edtica de cookies en sus correspondientes pol\u00edticas.<br \/><br \/>\u00a0En su caso, si se elaboran perfiles que impliquen la toma de decisiones automatizadas con efectos jur\u00eddicos para el usuario o que le afecten significativamente, se ha de informar sobre la l\u00f3gica utilizada y sobre las consecuencias previstas de dicho tratamiento.<br \/><br \/>Sus datos son utilizados para la elaboraci\u00f3n de perfiles, por lo que le informamos que:<br \/>&#8211; la l\u00f3gica utilizada es&#8230;<br \/>&#8211; las consecuencias previstas de este tratamiento son&#8230;<br \/><br \/>\u00a0El resto de informaci\u00f3n relacionada con el cumplimiento de la obligaci\u00f3n de protecci\u00f3n de datos personales y el ejercicio de derechos por los interesados se podr\u00e1 consultar en la pol\u00edtica de privacidad<\/p><p>La casu\u00edstica sobre el uso de cookies es muy diversa y compleja, puede acceder a la Gu\u00eda sobre el uso de cookies<br \/>elaborada por la AEPD en el siguiente enlace:<br \/>https:\/\/www.aepd.es\/es\/documento\/guia-cookies.pdf<\/p>\t\t\t\t\t\t\t\t<\/div>\n\t\t\t\t<\/div>\n\t\t\t\t<\/div>\n\t\t\t\t<\/div>","protected":false},"excerpt":{"rendered":"<p>Nuestra web utiliza cookies para facilitar y mejorar la experiencia de navegaci\u00f3n. \u00a0 Informaci\u00f3n y funci\u00f3n gen\u00e9rica de las cookies\u00bfQu\u00e9 son las cookies?Este sitio web utiliza cookies y\/o tecnolog\u00edas similares que almacenan y recuperan informaci\u00f3n cuando navegas. Estas tecnolog\u00edas pueden servir para finalidades muy diversas, pero los usos concretos que nosotros hacemos de estas tecnolog\u00edas [&hellip;]<\/p>","protected":false},"author":1,"featured_media":0,"parent":0,"menu_order":0,"comment_status":"closed","ping_status":"closed","template":"elementor_header_footer","meta":{"_acf_changed":false,"footnotes":""},"class_list":["post-174","page","type-page","status-publish","hentry"],"acf":[],"yoast_head":"<!-- This site is optimized with the Yoast SEO plugin v24.6 - https:\/\/yoast.com\/wordpress\/plugins\/seo\/ -->\n<title>M\u00e1s informaci\u00f3n sobre las cookies - Connecta Natura<\/title>\n<meta name=\"robots\" content=\"index, follow, max-snippet:-1, max-image-preview:large, max-video-preview:-1\" \/>\n<link rel=\"canonical\" href=\"https:\/\/www.connectanatura.org\/cas\/wp-json\/wp\/v2\/pages\/174\" \/>\n<meta property=\"og:locale\" content=\"es_ES\" \/>\n<meta property=\"og:type\" content=\"article\" \/>\n<meta property=\"og:title\" content=\"M\u00e1s informaci\u00f3n sobre las cookies - Connecta Natura\" \/>\n<meta property=\"og:description\" content=\"Nuestra web utiliza cookies para facilitar y mejorar la experiencia de navegaci\u00f3n. \u00a0 Informaci\u00f3n y funci\u00f3n gen\u00e9rica de las cookies\u00bfQu\u00e9 son las cookies?Este sitio web utiliza cookies y\/o tecnolog\u00edas similares que almacenan y recuperan informaci\u00f3n cuando navegas. Estas tecnolog\u00edas pueden servir para finalidades muy diversas, pero los usos concretos que nosotros hacemos de estas tecnolog\u00edas [&hellip;]\" \/>\n<meta property=\"og:url\" content=\"https:\/\/www.connectanatura.org\/cas\/mas-informacion-sobre-las-cookies\/\" \/>\n<meta property=\"og:site_name\" content=\"Connecta Natura\" \/>\n<meta property=\"article:publisher\" content=\"https:\/\/www.facebook.com\/connectanatura\" \/>\n<meta property=\"article:modified_time\" content=\"2025-04-14T06:58:01+00:00\" \/>\n<meta name=\"twitter:card\" content=\"summary_large_image\" \/>\n<meta name=\"twitter:site\" content=\"@ConnectaNatura\" \/>\n<meta name=\"twitter:label1\" content=\"Tiempo de lectura\" \/>\n\t<meta name=\"twitter:data1\" content=\"3 minutos\" \/>\n<script type=\"application\/ld+json\" class=\"yoast-schema-graph\">{\"@context\":\"https:\/\/schema.org\",\"@graph\":[{\"@type\":\"WebPage\",\"@id\":\"https:\/\/www.connectanatura.org\/mas-informacion-sobre-las-cookies\/\",\"url\":\"https:\/\/www.connectanatura.org\/mas-informacion-sobre-las-cookies\/\",\"name\":\"M\u00e1s informaci\u00f3n sobre las cookies - Connecta Natura\",\"isPartOf\":{\"@id\":\"https:\/\/www.connectanatura.org\/#website\"},\"datePublished\":\"2020-05-27T21:48:21+00:00\",\"dateModified\":\"2025-04-14T06:58:01+00:00\",\"breadcrumb\":{\"@id\":\"https:\/\/www.connectanatura.org\/mas-informacion-sobre-las-cookies\/#breadcrumb\"},\"inLanguage\":\"es\",\"potentialAction\":[{\"@type\":\"ReadAction\",\"target\":[\"https:\/\/www.connectanatura.org\/mas-informacion-sobre-las-cookies\/\"]}]},{\"@type\":\"BreadcrumbList\",\"@id\":\"https:\/\/www.connectanatura.org\/mas-informacion-sobre-las-cookies\/#breadcrumb\",\"itemListElement\":[{\"@type\":\"ListItem\",\"position\":1,\"name\":\"Inici\",\"item\":\"https:\/\/www.connectanatura.org\/\"},{\"@type\":\"ListItem\",\"position\":2,\"name\":\"M\u00e1s informaci\u00f3n sobre las cookies\"}]},{\"@type\":\"WebSite\",\"@id\":\"https:\/\/www.connectanatura.org\/#website\",\"url\":\"https:\/\/www.connectanatura.org\/\",\"name\":\"Connecta Natura\",\"description\":\"\",\"publisher\":{\"@id\":\"https:\/\/www.connectanatura.org\/#organization\"},\"potentialAction\":[{\"@type\":\"SearchAction\",\"target\":{\"@type\":\"EntryPoint\",\"urlTemplate\":\"https:\/\/www.connectanatura.org\/?s={search_term_string}\"},\"query-input\":{\"@type\":\"PropertyValueSpecification\",\"valueRequired\":true,\"valueName\":\"search_term_string\"}}],\"inLanguage\":\"es\"},{\"@type\":\"Organization\",\"@id\":\"https:\/\/www.connectanatura.org\/#organization\",\"name\":\"Connecta Natura\",\"url\":\"https:\/\/www.connectanatura.org\/\",\"logo\":{\"@type\":\"ImageObject\",\"inLanguage\":\"es\",\"@id\":\"https:\/\/www.connectanatura.org\/#\/schema\/logo\/image\/\",\"url\":\"https:\/\/www.connectanatura.org\/wp-content\/uploads\/2021\/05\/Logo-final-hotzontal.png\",\"contentUrl\":\"https:\/\/www.connectanatura.org\/wp-content\/uploads\/2021\/05\/Logo-final-hotzontal.png\",\"width\":3543,\"height\":1181,\"caption\":\"Connecta Natura\"},\"image\":{\"@id\":\"https:\/\/www.connectanatura.org\/#\/schema\/logo\/image\/\"},\"sameAs\":[\"https:\/\/www.facebook.com\/connectanatura\",\"https:\/\/x.com\/ConnectaNatura\",\"https:\/\/www.instagram.com\/connectanatura\/\",\"https:\/\/www.linkedin.com\/company\/connecta-natura\"]}]}<\/script>\n<!-- \/ Yoast SEO plugin. -->","yoast_head_json":{"title":"M\u00e1s informaci\u00f3n sobre las cookies - Connecta Natura","robots":{"index":"index","follow":"follow","max-snippet":"max-snippet:-1","max-image-preview":"max-image-preview:large","max-video-preview":"max-video-preview:-1"},"canonical":"https:\/\/www.connectanatura.org\/cas\/wp-json\/wp\/v2\/pages\/174","og_locale":"es_ES","og_type":"article","og_title":"M\u00e1s informaci\u00f3n sobre las cookies - Connecta Natura","og_description":"Nuestra web utiliza cookies para facilitar y mejorar la experiencia de navegaci\u00f3n. \u00a0 Informaci\u00f3n y funci\u00f3n gen\u00e9rica de las cookies\u00bfQu\u00e9 son las cookies?Este sitio web utiliza cookies y\/o tecnolog\u00edas similares que almacenan y recuperan informaci\u00f3n cuando navegas. Estas tecnolog\u00edas pueden servir para finalidades muy diversas, pero los usos concretos que nosotros hacemos de estas tecnolog\u00edas [&hellip;]","og_url":"https:\/\/www.connectanatura.org\/cas\/mas-informacion-sobre-las-cookies\/","og_site_name":"Connecta Natura","article_publisher":"https:\/\/www.facebook.com\/connectanatura","article_modified_time":"2025-04-14T06:58:01+00:00","twitter_card":"summary_large_image","twitter_site":"@ConnectaNatura","twitter_misc":{"Tiempo de lectura":"3 minutos"},"schema":{"@context":"https:\/\/schema.org","@graph":[{"@type":"WebPage","@id":"https:\/\/www.connectanatura.org\/mas-informacion-sobre-las-cookies\/","url":"https:\/\/www.connectanatura.org\/mas-informacion-sobre-las-cookies\/","name":"M\u00e1s informaci\u00f3n sobre las cookies - Connecta Natura","isPartOf":{"@id":"https:\/\/www.connectanatura.org\/#website"},"datePublished":"2020-05-27T21:48:21+00:00","dateModified":"2025-04-14T06:58:01+00:00","breadcrumb":{"@id":"https:\/\/www.connectanatura.org\/mas-informacion-sobre-las-cookies\/#breadcrumb"},"inLanguage":"es","potentialAction":[{"@type":"ReadAction","target":["https:\/\/www.connectanatura.org\/mas-informacion-sobre-las-cookies\/"]}]},{"@type":"BreadcrumbList","@id":"https:\/\/www.connectanatura.org\/mas-informacion-sobre-las-cookies\/#breadcrumb","itemListElement":[{"@type":"ListItem","position":1,"name":"Inici","item":"https:\/\/www.connectanatura.org\/"},{"@type":"ListItem","position":2,"name":"M\u00e1s informaci\u00f3n sobre las cookies"}]},{"@type":"WebSite","@id":"https:\/\/www.connectanatura.org\/#website","url":"https:\/\/www.connectanatura.org\/","name":"Connecta Natura","description":"","publisher":{"@id":"https:\/\/www.connectanatura.org\/#organization"},"potentialAction":[{"@type":"SearchAction","target":{"@type":"EntryPoint","urlTemplate":"https:\/\/www.connectanatura.org\/?s={search_term_string}"},"query-input":{"@type":"PropertyValueSpecification","valueRequired":true,"valueName":"search_term_string"}}],"inLanguage":"es"},{"@type":"Organization","@id":"https:\/\/www.connectanatura.org\/#organization","name":"Connecta Natura","url":"https:\/\/www.connectanatura.org\/","logo":{"@type":"ImageObject","inLanguage":"es","@id":"https:\/\/www.connectanatura.org\/#\/schema\/logo\/image\/","url":"https:\/\/www.connectanatura.org\/wp-content\/uploads\/2021\/05\/Logo-final-hotzontal.png","contentUrl":"https:\/\/www.connectanatura.org\/wp-content\/uploads\/2021\/05\/Logo-final-hotzontal.png","width":3543,"height":1181,"caption":"Connecta Natura"},"image":{"@id":"https:\/\/www.connectanatura.org\/#\/schema\/logo\/image\/"},"sameAs":["https:\/\/www.facebook.com\/connectanatura","https:\/\/x.com\/ConnectaNatura","https:\/\/www.instagram.com\/connectanatura\/","https:\/\/www.linkedin.com\/company\/connecta-natura"]}]}},"_links":{"self":[{"href":"https:\/\/www.connectanatura.org\/cas\/wp-json\/wp\/v2\/pages\/174"}],"collection":[{"href":"https:\/\/www.connectanatura.org\/cas\/wp-json\/wp\/v2\/pages"}],"about":[{"href":"https:\/\/www.connectanatura.org\/cas\/wp-json\/wp\/v2\/types\/page"}],"author":[{"embeddable":true,"href":"https:\/\/www.connectanatura.org\/cas\/wp-json\/wp\/v2\/users\/1"}],"replies":[{"embeddable":true,"href":"https:\/\/www.connectanatura.org\/cas\/wp-json\/wp\/v2\/comments?post=174"}],"version-history":[{"count":16,"href":"https:\/\/www.connectanatura.org\/cas\/wp-json\/wp\/v2\/pages\/174\/revisions"}],"predecessor-version":[{"id":3643,"href":"https:\/\/www.connectanatura.org\/cas\/wp-json\/wp\/v2\/pages\/174\/revisions\/3643"}],"wp:attachment":[{"href":"https:\/\/www.connectanatura.org\/cas\/wp-json\/wp\/v2\/media?parent=174"}],"curies":[{"name":"wp","href":"https:\/\/api.w.org\/{rel}","templated":true}]}}