{"id":3601,"date":"2025-04-11T12:43:25","date_gmt":"2025-04-11T10:43:25","guid":{"rendered":"https:\/\/www.connectanatura.org\/?page_id=3601"},"modified":"2025-04-14T10:24:53","modified_gmt":"2025-04-14T08:24:53","slug":"avis-legal","status":"publish","type":"page","link":"https:\/\/www.connectanatura.org\/cas\/avis-legal\/","title":{"rendered":"Av\u00eds legal"},"content":{"rendered":"<div data-elementor-type=\"wp-page\" data-elementor-id=\"3601\" class=\"elementor elementor-3601\" data-elementor-post-type=\"page\">\n\t\t\t\t<div class=\"elementor-element elementor-element-2300bb6 e-con-full e-flex e-con e-parent\" data-id=\"2300bb6\" data-element_type=\"container\">\n\t\t\t\t<div class=\"elementor-element elementor-element-52365e6 elementor-widget elementor-widget-text-editor\" data-id=\"52365e6\" data-element_type=\"widget\" data-widget_type=\"text-editor.default\">\n\t\t\t\t<div class=\"elementor-widget-container\">\n\t\t\t\t\t\t\t\t\t<p>El presente aviso legal regula el uso del sitio web www.viviendacastellon.com (en adelante, el &#8220;Sitio Web&#8221;) Associaci\u00f3 Connecta Natura, n\u00famero de CIF G 98689342 y domicilio en Vila-real. Info@connectanatura.org<\/p><p>\u00a0<\/p><p><strong>Legislaci\u00f3n<\/strong><\/p><p>Con car\u00e1cter general las relaciones de Associaci\u00f3 Connecta Natura con los Usuarios de sus servicios telem\u00e1ticos, presentes en este sitio web, se encuentran sometidas a la legislaci\u00f3n y jurisdicci\u00f3n espa\u00f1olas.<\/p><p>\u00a0<\/p><p><b>Uso y acceso de usuarios<\/b><\/p><p>El Usuario queda informado, y acepta, que el acceso a la presente web no supone, en modo alguno, el inicio de una relaci\u00f3n comercial con Associaci\u00f3 Connecta Natura<\/p><p>\u00a0<\/p><p><b>Propiedad intelectual e industrial<\/b><\/p><p>Los derechos de propiedad intelectual del contenido de las p\u00e1ginas web, su dise\u00f1o gr\u00e1fico y c\u00f3digos son titularidad de Associaci\u00f3 Connecta Natura y, por tanto, queda prohibida su reproducci\u00f3n, distribuci\u00f3n, comunicaci\u00f3n p\u00fablica, transformaci\u00f3n o cualquier otra actividad que se pueda realizar con los contenidos de sus p\u00e1ginas web ni aun citando las fuentes, salvo consentimiento por escrito de Associaci\u00f3 Connecta Natura<\/p><p>\u00a0<\/p><p><b>Hiperenlaces<\/b><\/p><p>Aquellas personas que se propongan establecer hiperenlaces entre su p\u00e1gina Web y la P\u00e1gina deber\u00e1n observar y cumplir las condiciones siguientes:<\/p><p>No ser\u00e1 necesaria autorizaci\u00f3n previa cuando el Hiperenlace permita \u00fanicamente el acceso a la p\u00e1gina de inicio, pero no podr\u00e1 reproducirla de ninguna forma. Cualquier otra forma de Hiperenlace requerir\u00e1 la autorizaci\u00f3n expresa e inequ\u00edvoca por escrito por parte de Associaci\u00f3 Connecta Natura<\/p><p>No se crear\u00e1n \u201cmarcos\u201d (\u201cframes\u201d) con las p\u00e1ginas Web ni sobre las p\u00e1ginas Web de Associaci\u00f3 Connecta Natura. No se realizar\u00e1n manifestaciones o indicaciones falsas, inexactas, u ofensivas sobre sus directivos, sus empleados o colaboradores, o de las personas que se relacionen Associaci\u00f3 Connecta Natura en la P\u00e1gina por cualquier motivo, o de los Usuarios de las P\u00e1gina, o de los Contenidos suministrados.<\/p><p>No se declarar\u00e1 ni se dar\u00e1 a entender que Associaci\u00f3 Connecta Natura ha autorizado el Hiperenlace o que ha supervisado o asumido de cualquier forma los Contenidos ofrecidos o puestos a disposici\u00f3n de la p\u00e1gina Web en la que se establece el Hiperenlace.<\/p><p>La p\u00e1gina Web en la que se establezca el Hiperenlace solo podr\u00e1 contener lo estrictamente necesario para identificar el destino del Hiperenlace.<\/p><p>La p\u00e1gina Web en la que se establezca el Hiperenlace no contendr\u00e1 informaciones o contenidos il\u00edcitos, contrarios a la moral y a las buenas costumbres generalmente aceptadas y al orden p\u00fablico, as\u00ed como tampoco contendr\u00e1 contenidos contrarios a cualesquiera derechos de terceros.<\/p><p>\u00a0<\/p><p><b>Exclusi\u00f3n de garant\u00edas y resposabilidad<\/b><\/p><p>EL USUARIO reconoce que la utilizaci\u00f3n de la p\u00e1gina web y de sus contenidos y servicios se desarrolla bajo su exclusiva responsabilidad. En concreto, a t\u00edtulo meramente enunciativo, Associaci\u00f3 Connecta Natura no asume ninguna responsabilidad en los siguientes \u00e1mbitos:<\/p><ul><li>La disponibilidad del funcionamiento de la p\u00e1gina web, sus servicios y contenidos y su calidad o interoperabilidad.<br \/>La finalidad para la que la p\u00e1gina web sirva a los objetivos del USUARIO.<\/li><li>La infracci\u00f3n de la legislaci\u00f3n vigente por parte del USUARIO o terceros y, en concreto, de los derechos de propiedad intelectual e industrial que sean titularidad de otras personas o entidades.<\/li><li>La existencia de c\u00f3digos maliciosos o cualquier otro elemento inform\u00e1tico da\u00f1ino que pudiera causar el sistema inform\u00e1tico del USUARIO o de terceros. Corresponde al USUARIO, en todo caso, disponer de herramientas adecuadas para la detecci\u00f3n y desinfecci\u00f3n de estos elementos.<\/li><li>El acceso fraudulento a los contenidos o servicios por terceos no autorizados, o, en su caso, la captura, eliminaci\u00f3n, alteraci\u00f3n, modificaci\u00f3n o manipulaci\u00f3n de los mensajes y comunicaciones de cualquier clase que dichos terceros pudiera realizar.<\/li><li>La exactitud, veracidad, actualidad y utilidad de los contenidos y servicios ofrecidos y la utilizaci\u00f3n posterior que de ellos haga el USUARIO. Associaci\u00f3 Connecta Natura emplear\u00e1 todos los esfuerzos y medios razonables para facilitar la informaci\u00f3n actualizada y fehaciente.<\/li><li>Los da\u00f1os producidos a equipos inform\u00e1ticos durante el acceso a la p\u00e1gina web y los da\u00f1os producidos a los USUARIOS cuando tengan su origen en fallos o desconexiones en las redes de telecomunicaciones que interrumpan el servicio.<\/li><li>Los da\u00f1os o perjuicios que se deriven de circunstancias acaecidas por caso fortuito o fuerza mayor.<br \/>En caso de que existan foros, el uso de los mismos u otros espacios an\u00e1logos, ha de tenerse en cuenta que los mensajes reflejen \u00fanicamente la opini\u00f3n del USUARIO que los remite, que es el \u00fanico responsable. Associaci\u00f3 Connecta Natura no se hace responsable del contenido de los mensajes enviados por el USUARIO.<\/li><\/ul><div>\u00a0<\/div><div>\u00a0<\/div><p><b>Modificaci\u00f3n de este aviso y duraci\u00f3n<\/b><\/p><p>Associaci\u00f3 Connecta Natura se reserva el derecho de efectuar sin previo aviso las modificaciones que considere oportunas en su portal, pudiendo cambiar, suprimir o a\u00f1adir tantos contenidos y servicios que se presten a trav\u00e9s de la misma, como la forma en la que \u00e9stos aparezcan representados o localizados en su portal. La vigencia de las citadas condiciones ir\u00e1 en funci\u00f3n de su exposici\u00f3n y estar\u00e1n vigentes hasta que sean modificadas por otras debidamente publicadas.<\/p><p>\u00a0<\/p><p><b>Enlaces<\/b><\/p><p>En el caso de que en http:\/\/www.connectanatura.org\/ se incluyesen enlaces o hiperv\u00ednculos hacia otros sitios de Internet, Associaci\u00f3 Connecta Natura no ejercer\u00e1 ning\u00fan tipo de control sobre dichos sitios y contenidos. En ning\u00fan caso Associaci\u00f3 Connecta Natura asumir\u00e1 responsabilidad alguna por los contenidos de alg\u00fan enlace perteneciente a un sitio web ajeno, ni garantizar\u00e1 la disponibilidad t\u00e9cnica, calidad, fiabilidad, exactitud, amplitud, veracidad, validez y constitucionalidad de cualquier materia o informaci\u00f3n contenida en ninguno de dichos hiperv\u00ednculos y otros sitios en Internet. Igualmente, la inclusi\u00f3n de estas conexiones externas no implicar\u00e1 ning\u00fan tipo de asociaci\u00f3n, fusi\u00f3n o participaci\u00f3n con las entidades conectadas.<\/p><p>\u00a0<\/p><p><b>Derechos de exclusi\u00f3n<\/b><\/p><p>Associaci\u00f3 Connecta Natura se reserva el derecho a denegar o retirar el acceso a portal y\/o los servicios ofrecidos sin necesidad de advertencia previa, a instancia propia o de un tercero, a aquellos usuarios que incumplan el contenido de este aviso legal.<\/p><p>\u00a0<\/p><p><b>Generalidades<\/b><\/p><p>Associaci\u00f3 Connecta Natura perseguir\u00e1 el incumplimiento de las presentes condiciones, as\u00ed como cualquier utilizaci\u00f3n indebida de su portal ejerciendo todas las acciones civiles y penales que le puedan corresponder en derecho.<\/p><p>\u00a0<\/p><p><b>Legislaci\u00f3n aplicable y jurisdicci\u00f3n<\/b><\/p><p>La relaci\u00f3n entre Associaci\u00f3 Connecta Natura y EL USUARIO se regir\u00e1 por la normativa espa\u00f1ola vigente. Todas las disputas y reclamaciones derivadas de este aviso legal se resolver\u00e1n por los juzgados y tribunales espa\u00f1oles.<\/p><p>\u00a0<\/p><p><b>Menores de edad<\/b><\/p><p>http:\/\/www.connectanatura.org dirige sus servicios a usuarios mayores de 18 a\u00f1os. Los menores de esta edad no est\u00e1n autorizados a utilizar nuestros servicios y no deber\u00e1n, por tanto, enviarnos sus datos personales. Informamos de que s\u00ed se da tal circunstancia, Associaci\u00f3 Connecta Natura no se hace responsable de las posibles consecuencias que pudieran derivarse del incumplimiento del aviso que en esta misma cl\u00e1usula se establece.<\/p><p>\u00a0<\/p><p><b>Cl\u00e1usula de legitimaci\u00f3n de correo electr\u00f3nico<\/b><\/p><p>En cumplimiento de lo previsto por el Reglamento (UE) 2016\/679, del Parlamento Europeo y del Consejo, de 27 de abril de 2016, relativo a la protecci\u00f3n de las personas f\u00edsicas en lo que respecta al tratamiento de datos personales (Reglamento Europeo de Protecci\u00f3n de Datos) y por la Ley Org\u00e1nica 3\/2018, de 5 de diciembre, Protecci\u00f3n de Datos Personales y garant\u00eda de los derechos digitales, le informamos que su direcci\u00f3n de correo electr\u00f3nico forma parte de la base de datos de Associaci\u00f3 Connecta Natura, provisto de NIF G 98689342 y domicilio en Vila-real.<\/p><p>Su direcci\u00f3n de correo electr\u00f3nico se utiliza con la finalidad de atender a los clientes y proveedores de Associaci\u00f3 Connecta Natura y la base jur\u00eddica para tal utilizaci\u00f3n es el consentimiento otorgado por usted para el uso de sus datos con esta finalidad. Usted tiene derecho a retirar este consentimiento en cualquier momento.<\/p><p>De acuerdo con el art\u00edculo 13 del Reglamento Europeo de Protecci\u00f3n de Datos y el art\u00edculo 11 de la Ley Org\u00e1nica 3\/2018, de Protecci\u00f3n de Datos, le informamos que usted tiene derecho a ejercer en relaci\u00f3n a sus datos personales los derechos de acceso, rectificaci\u00f3n, supresi\u00f3n, portabilidad, limitaci\u00f3n del tratamiento, as\u00ed como a oponerse a dicho tratamiento o al uso de sus datos para la elaboraci\u00f3n de decisiones individuales automatizadas incluida la elaboraci\u00f3n de perfiles, contactando con la siguiente direcci\u00f3n de correo electr\u00f3nico: info@connectanatura.og. Igualmente le informamos que usted tiene derecho a presentar una reclamaci\u00f3n ante la autoridad de control competente en caso de que considere que se ha vulnerado alg\u00fan derecho en relaci\u00f3n a la protecci\u00f3n de sus datos personales.<\/p>\t\t\t\t\t\t\t\t<\/div>\n\t\t\t\t<\/div>\n\t\t\t\t<\/div>\n\t\t\t\t<\/div>","protected":false},"excerpt":{"rendered":"<p>El presente aviso legal regula el uso del sitio web www.viviendacastellon.com (en adelante, el &#8220;Sitio Web&#8221;) Associaci\u00f3 Connecta Natura, n\u00famero de CIF G 98689342 y domicilio en Vila-real. Info@connectanatura.org \u00a0 Legislaci\u00f3n Con car\u00e1cter general las relaciones de Associaci\u00f3 Connecta Natura con los Usuarios de sus servicios telem\u00e1ticos, presentes en este sitio web, se encuentran sometidas [&hellip;]<\/p>","protected":false},"author":9,"featured_media":0,"parent":0,"menu_order":0,"comment_status":"closed","ping_status":"closed","template":"elementor_header_footer","meta":{"_acf_changed":false,"footnotes":""},"class_list":["post-3601","page","type-page","status-publish","hentry"],"acf":[],"yoast_head":"<!-- This site is optimized with the Yoast SEO plugin v24.6 - https:\/\/yoast.com\/wordpress\/plugins\/seo\/ -->\n<title>Av\u00eds legal - Connecta Natura<\/title>\n<meta name=\"robots\" content=\"index, follow, max-snippet:-1, max-image-preview:large, max-video-preview:-1\" \/>\n<link rel=\"canonical\" href=\"https:\/\/www.connectanatura.org\/cas\/wp-json\/wp\/v2\/pages\/3601\" \/>\n<meta property=\"og:locale\" content=\"es_ES\" \/>\n<meta property=\"og:type\" content=\"article\" \/>\n<meta property=\"og:title\" content=\"Av\u00eds legal - Connecta Natura\" \/>\n<meta property=\"og:description\" content=\"El presente aviso legal regula el uso del sitio web www.viviendacastellon.com (en adelante, el &#8220;Sitio Web&#8221;) Associaci\u00f3 Connecta Natura, n\u00famero de CIF G 98689342 y domicilio en Vila-real. Info@connectanatura.org \u00a0 Legislaci\u00f3n Con car\u00e1cter general las relaciones de Associaci\u00f3 Connecta Natura con los Usuarios de sus servicios telem\u00e1ticos, presentes en este sitio web, se encuentran sometidas [&hellip;]\" \/>\n<meta property=\"og:url\" content=\"https:\/\/www.connectanatura.org\/cas\/avis-legal\/\" \/>\n<meta property=\"og:site_name\" content=\"Connecta Natura\" \/>\n<meta property=\"article:publisher\" content=\"https:\/\/www.facebook.com\/connectanatura\" \/>\n<meta property=\"article:modified_time\" content=\"2025-04-14T08:24:53+00:00\" \/>\n<meta name=\"twitter:card\" content=\"summary_large_image\" \/>\n<meta name=\"twitter:site\" content=\"@ConnectaNatura\" \/>\n<meta name=\"twitter:label1\" content=\"Tiempo de lectura\" \/>\n\t<meta name=\"twitter:data1\" content=\"8 minutos\" \/>\n<script type=\"application\/ld+json\" class=\"yoast-schema-graph\">{\"@context\":\"https:\/\/schema.org\",\"@graph\":[{\"@type\":\"WebPage\",\"@id\":\"https:\/\/www.connectanatura.org\/avis-legal\/\",\"url\":\"https:\/\/www.connectanatura.org\/avis-legal\/\",\"name\":\"Av\u00eds legal - Connecta Natura\",\"isPartOf\":{\"@id\":\"https:\/\/www.connectanatura.org\/#website\"},\"datePublished\":\"2025-04-11T10:43:25+00:00\",\"dateModified\":\"2025-04-14T08:24:53+00:00\",\"breadcrumb\":{\"@id\":\"https:\/\/www.connectanatura.org\/avis-legal\/#breadcrumb\"},\"inLanguage\":\"es\",\"potentialAction\":[{\"@type\":\"ReadAction\",\"target\":[\"https:\/\/www.connectanatura.org\/avis-legal\/\"]}]},{\"@type\":\"BreadcrumbList\",\"@id\":\"https:\/\/www.connectanatura.org\/avis-legal\/#breadcrumb\",\"itemListElement\":[{\"@type\":\"ListItem\",\"position\":1,\"name\":\"Inici\",\"item\":\"https:\/\/www.connectanatura.org\/\"},{\"@type\":\"ListItem\",\"position\":2,\"name\":\"Av\u00eds legal\"}]},{\"@type\":\"WebSite\",\"@id\":\"https:\/\/www.connectanatura.org\/#website\",\"url\":\"https:\/\/www.connectanatura.org\/\",\"name\":\"Connecta Natura\",\"description\":\"\",\"publisher\":{\"@id\":\"https:\/\/www.connectanatura.org\/#organization\"},\"potentialAction\":[{\"@type\":\"SearchAction\",\"target\":{\"@type\":\"EntryPoint\",\"urlTemplate\":\"https:\/\/www.connectanatura.org\/?s={search_term_string}\"},\"query-input\":{\"@type\":\"PropertyValueSpecification\",\"valueRequired\":true,\"valueName\":\"search_term_string\"}}],\"inLanguage\":\"es\"},{\"@type\":\"Organization\",\"@id\":\"https:\/\/www.connectanatura.org\/#organization\",\"name\":\"Connecta Natura\",\"url\":\"https:\/\/www.connectanatura.org\/\",\"logo\":{\"@type\":\"ImageObject\",\"inLanguage\":\"es\",\"@id\":\"https:\/\/www.connectanatura.org\/#\/schema\/logo\/image\/\",\"url\":\"https:\/\/www.connectanatura.org\/wp-content\/uploads\/2021\/05\/Logo-final-hotzontal.png\",\"contentUrl\":\"https:\/\/www.connectanatura.org\/wp-content\/uploads\/2021\/05\/Logo-final-hotzontal.png\",\"width\":3543,\"height\":1181,\"caption\":\"Connecta Natura\"},\"image\":{\"@id\":\"https:\/\/www.connectanatura.org\/#\/schema\/logo\/image\/\"},\"sameAs\":[\"https:\/\/www.facebook.com\/connectanatura\",\"https:\/\/x.com\/ConnectaNatura\",\"https:\/\/www.instagram.com\/connectanatura\/\",\"https:\/\/www.linkedin.com\/company\/connecta-natura\"]}]}<\/script>\n<!-- \/ Yoast SEO plugin. -->","yoast_head_json":{"title":"Av\u00eds legal - Connecta Natura","robots":{"index":"index","follow":"follow","max-snippet":"max-snippet:-1","max-image-preview":"max-image-preview:large","max-video-preview":"max-video-preview:-1"},"canonical":"https:\/\/www.connectanatura.org\/cas\/wp-json\/wp\/v2\/pages\/3601","og_locale":"es_ES","og_type":"article","og_title":"Av\u00eds legal - Connecta Natura","og_description":"El presente aviso legal regula el uso del sitio web www.viviendacastellon.com (en adelante, el &#8220;Sitio Web&#8221;) Associaci\u00f3 Connecta Natura, n\u00famero de CIF G 98689342 y domicilio en Vila-real. Info@connectanatura.org \u00a0 Legislaci\u00f3n Con car\u00e1cter general las relaciones de Associaci\u00f3 Connecta Natura con los Usuarios de sus servicios telem\u00e1ticos, presentes en este sitio web, se encuentran sometidas [&hellip;]","og_url":"https:\/\/www.connectanatura.org\/cas\/avis-legal\/","og_site_name":"Connecta Natura","article_publisher":"https:\/\/www.facebook.com\/connectanatura","article_modified_time":"2025-04-14T08:24:53+00:00","twitter_card":"summary_large_image","twitter_site":"@ConnectaNatura","twitter_misc":{"Tiempo de lectura":"8 minutos"},"schema":{"@context":"https:\/\/schema.org","@graph":[{"@type":"WebPage","@id":"https:\/\/www.connectanatura.org\/avis-legal\/","url":"https:\/\/www.connectanatura.org\/avis-legal\/","name":"Av\u00eds legal - Connecta Natura","isPartOf":{"@id":"https:\/\/www.connectanatura.org\/#website"},"datePublished":"2025-04-11T10:43:25+00:00","dateModified":"2025-04-14T08:24:53+00:00","breadcrumb":{"@id":"https:\/\/www.connectanatura.org\/avis-legal\/#breadcrumb"},"inLanguage":"es","potentialAction":[{"@type":"ReadAction","target":["https:\/\/www.connectanatura.org\/avis-legal\/"]}]},{"@type":"BreadcrumbList","@id":"https:\/\/www.connectanatura.org\/avis-legal\/#breadcrumb","itemListElement":[{"@type":"ListItem","position":1,"name":"Inici","item":"https:\/\/www.connectanatura.org\/"},{"@type":"ListItem","position":2,"name":"Av\u00eds legal"}]},{"@type":"WebSite","@id":"https:\/\/www.connectanatura.org\/#website","url":"https:\/\/www.connectanatura.org\/","name":"Connecta Natura","description":"","publisher":{"@id":"https:\/\/www.connectanatura.org\/#organization"},"potentialAction":[{"@type":"SearchAction","target":{"@type":"EntryPoint","urlTemplate":"https:\/\/www.connectanatura.org\/?s={search_term_string}"},"query-input":{"@type":"PropertyValueSpecification","valueRequired":true,"valueName":"search_term_string"}}],"inLanguage":"es"},{"@type":"Organization","@id":"https:\/\/www.connectanatura.org\/#organization","name":"Connecta Natura","url":"https:\/\/www.connectanatura.org\/","logo":{"@type":"ImageObject","inLanguage":"es","@id":"https:\/\/www.connectanatura.org\/#\/schema\/logo\/image\/","url":"https:\/\/www.connectanatura.org\/wp-content\/uploads\/2021\/05\/Logo-final-hotzontal.png","contentUrl":"https:\/\/www.connectanatura.org\/wp-content\/uploads\/2021\/05\/Logo-final-hotzontal.png","width":3543,"height":1181,"caption":"Connecta Natura"},"image":{"@id":"https:\/\/www.connectanatura.org\/#\/schema\/logo\/image\/"},"sameAs":["https:\/\/www.facebook.com\/connectanatura","https:\/\/x.com\/ConnectaNatura","https:\/\/www.instagram.com\/connectanatura\/","https:\/\/www.linkedin.com\/company\/connecta-natura"]}]}},"_links":{"self":[{"href":"https:\/\/www.connectanatura.org\/cas\/wp-json\/wp\/v2\/pages\/3601"}],"collection":[{"href":"https:\/\/www.connectanatura.org\/cas\/wp-json\/wp\/v2\/pages"}],"about":[{"href":"https:\/\/www.connectanatura.org\/cas\/wp-json\/wp\/v2\/types\/page"}],"author":[{"embeddable":true,"href":"https:\/\/www.connectanatura.org\/cas\/wp-json\/wp\/v2\/users\/9"}],"replies":[{"embeddable":true,"href":"https:\/\/www.connectanatura.org\/cas\/wp-json\/wp\/v2\/comments?post=3601"}],"version-history":[{"count":21,"href":"https:\/\/www.connectanatura.org\/cas\/wp-json\/wp\/v2\/pages\/3601\/revisions"}],"predecessor-version":[{"id":3662,"href":"https:\/\/www.connectanatura.org\/cas\/wp-json\/wp\/v2\/pages\/3601\/revisions\/3662"}],"wp:attachment":[{"href":"https:\/\/www.connectanatura.org\/cas\/wp-json\/wp\/v2\/media?parent=3601"}],"curies":[{"name":"wp","href":"https:\/\/api.w.org\/{rel}","templated":true}]}}